{"id":1855,"date":"2023-10-24T16:38:57","date_gmt":"2023-10-24T14:38:57","guid":{"rendered":"https:\/\/science-journalism.eu\/eu-scicon-2020\/?page_id=1855"},"modified":"2024-02-14T12:45:05","modified_gmt":"2024-02-14T11:45:05","slug":"konferenz","status":"publish","type":"page","link":"https:\/\/science-journalism.eu\/eu-scicon-2020\/konferenz\/","title":{"rendered":"Konferenz"},"content":{"rendered":"\t\t<div data-elementor-type=\"wp-page\" data-elementor-id=\"1855\" class=\"elementor elementor-1855\" data-elementor-post-type=\"page\">\n\t\t\t\t\t\t<section class=\"elementor-section elementor-top-section elementor-element elementor-element-33292eb elementor-section-boxed elementor-section-height-default elementor-section-height-default\" data-id=\"33292eb\" data-element_type=\"section\" data-e-type=\"section\">\n\t\t\t\t\t\t<div class=\"elementor-container elementor-column-gap-default\">\n\t\t\t\t\t<div class=\"elementor-column elementor-col-100 elementor-top-column elementor-element elementor-element-2141758\" data-id=\"2141758\" data-element_type=\"column\" data-e-type=\"column\">\n\t\t\t<div class=\"elementor-widget-wrap elementor-element-populated\">\n\t\t\t\t\t\t<div class=\"elementor-element elementor-element-8561a90 elementor-widget elementor-widget-heading\" data-id=\"8561a90\" data-element_type=\"widget\" data-e-type=\"widget\" data-widget_type=\"heading.default\">\n\t\t\t\t<div class=\"elementor-widget-container\">\n\t\t\t\t\t<h2 class=\"elementor-heading-title elementor-size-default\">Konferenz (8. \u2013 10. November 2023)<\/h2>\t\t\t\t<\/div>\n\t\t\t\t<\/div>\n\t\t\t\t\t<\/div>\n\t\t<\/div>\n\t\t\t\t\t<\/div>\n\t\t<\/section>\n\t\t\t\t<section class=\"elementor-section elementor-top-section elementor-element elementor-element-2c17d54 elementor-section-boxed elementor-section-height-default elementor-section-height-default\" data-id=\"2c17d54\" data-element_type=\"section\" data-e-type=\"section\">\n\t\t\t\t\t\t<div class=\"elementor-container elementor-column-gap-default\">\n\t\t\t\t\t<div class=\"elementor-column elementor-col-100 elementor-top-column elementor-element elementor-element-d277d14\" data-id=\"d277d14\" data-element_type=\"column\" data-e-type=\"column\">\n\t\t\t<div class=\"elementor-widget-wrap elementor-element-populated\">\n\t\t\t\t\t\t<div class=\"elementor-element elementor-element-1f5565d elementor-widget elementor-widget-text-editor\" data-id=\"1f5565d\" data-element_type=\"widget\" data-e-type=\"widget\" data-widget_type=\"text-editor.default\">\n\t\t\t\t<div class=\"elementor-widget-container\">\n\t\t\t\t\t\t\t\t\t<p>Die Online-Vortragsreihe Science Journalism in the Digital Age (SciCon) bringt f\u00fchrende Expert*innen aus der ganzen Welt zusammen, damit sie sich zu Themen rund um den Strukturwandel im Journalismus austauschen k\u00f6nnen. Ziel der SciCon ist es, den internationalen Erfahrungsschatz zu nutzen, um Ideen f\u00fcr die Zukunftssicherung und F\u00f6rderung des (Wissenschafts-)Journalismus in Deutschland zu entwickeln.<\/p><p>Die SciCon-Abschlussveranstaltung vom 8. bis 10. November 2023 wurde als Arbeitskonferenz mit rund 70 renommierten internationalen Teilnehmenden durchgef\u00fchrt. Ziel der Konferenz war es, im Gespr\u00e4ch mit Expert*innen aus Wissenschaft, Journalismus, Zivilgesellschaft, Wirtschaft und Politik konkrete Handlungsschritte f\u00fcr Deutschland zu erarbeiten. Dies geschah auf Grundlage der bei der SciCon-Vortragsreihe gesammelten Erkenntnisse und Best-Practice-Beispiele. Auf der Konferenz brachten wir Personen aus verschiedenen Bereichen zusammen, die solche Schritte initiieren und umsetzen k\u00f6nnen. Zugleich reicherten wir die Debatte mit der bestm\u00f6glichen internationalen Expertise zur erfolgreichen Gestaltung der Transformationsprozesse im (Wissenschafts-) Journalismus an. Viele Expert*innen, die an der Online-Vortragsreihe teilgenommen haben, nahmen daher auch an der Konferenz in Berlin teil (die Inhalte der Online-Vortragsreihe finden Sie im <a href=\"https:\/\/science-journalism.eu\/eu-scicon-2020\/wissensspeicher\/\">Wissensspeicher<\/a>).<\/p><p>Sie k\u00f6nnen das Programm f\u00fcr die Konferenz <a href=\"https:\/\/cloud-congressa.de\/s\/x7JZsw3JiQgLXWQ\" target=\"_blank\" rel=\"noopener\">hier<\/a> herunterladen.<\/p><p>Wenn Sie Fragen haben, z\u00f6gern Sie nicht, uns unter <a href=\"mailto:info@eu-scicon.org\">info@eu-scicon.org<\/a> zu kontaktieren.<\/p>\t\t\t\t\t\t\t\t<\/div>\n\t\t\t\t<\/div>\n\t\t\t\t\t<\/div>\n\t\t<\/div>\n\t\t\t\t\t<\/div>\n\t\t<\/section>\n\t\t\t\t<\/div>\n\t\t","protected":false},"excerpt":{"rendered":"<p>Konferenz (8. \u2013 10. November 2023) Die Online-Vortragsreihe Science Journalism in the Digital Age (SciCon) bringt f\u00fchrende Expert*innen aus der ganzen Welt zusammen, damit sie sich zu Themen rund um den Strukturwandel im Journalismus austauschen k\u00f6nnen. Ziel der SciCon ist es, den internationalen Erfahrungsschatz zu nutzen, um Ideen f\u00fcr die Zukunftssicherung und F\u00f6rderung des (Wissenschafts-)Journalismus [&hellip;]<\/p>\n","protected":false},"author":4,"featured_media":0,"parent":0,"menu_order":0,"comment_status":"closed","ping_status":"closed","template":"","meta":{"footnotes":""},"class_list":["post-1855","page","type-page","status-publish","hentry"],"_links":{"self":[{"href":"https:\/\/science-journalism.eu\/eu-scicon-2020\/wp-json\/wp\/v2\/pages\/1855","targetHints":{"allow":["GET"]}}],"collection":[{"href":"https:\/\/science-journalism.eu\/eu-scicon-2020\/wp-json\/wp\/v2\/pages"}],"about":[{"href":"https:\/\/science-journalism.eu\/eu-scicon-2020\/wp-json\/wp\/v2\/types\/page"}],"author":[{"embeddable":true,"href":"https:\/\/science-journalism.eu\/eu-scicon-2020\/wp-json\/wp\/v2\/users\/4"}],"replies":[{"embeddable":true,"href":"https:\/\/science-journalism.eu\/eu-scicon-2020\/wp-json\/wp\/v2\/comments?post=1855"}],"version-history":[{"count":22,"href":"https:\/\/science-journalism.eu\/eu-scicon-2020\/wp-json\/wp\/v2\/pages\/1855\/revisions"}],"predecessor-version":[{"id":1929,"href":"https:\/\/science-journalism.eu\/eu-scicon-2020\/wp-json\/wp\/v2\/pages\/1855\/revisions\/1929"}],"wp:attachment":[{"href":"https:\/\/science-journalism.eu\/eu-scicon-2020\/wp-json\/wp\/v2\/media?parent=1855"}],"curies":[{"name":"wp","href":"https:\/\/api.w.org\/{rel}","templated":true}]}}