{"id":2,"date":"2020-07-01T12:10:33","date_gmt":"2020-07-01T10:10:33","guid":{"rendered":"https:\/\/science-journalism.eu\/digitaltage-1\/?page_id=2"},"modified":"2023-11-16T17:57:34","modified_gmt":"2023-11-16T16:57:34","slug":"beispiel-seite","status":"publish","type":"page","link":"https:\/\/science-journalism.eu\/eu-scicon-2020\/","title":{"rendered":"Startseite"},"content":{"rendered":"\t\t<div data-elementor-type=\"wp-page\" data-elementor-id=\"2\" class=\"elementor elementor-2\" data-elementor-post-type=\"page\">\n\t\t\t\t\t\t<section class=\"elementor-section elementor-top-section elementor-element elementor-element-f50d949 elementor-section-boxed elementor-section-height-default elementor-section-height-default\" data-id=\"f50d949\" data-element_type=\"section\" data-e-type=\"section\">\n\t\t\t\t\t\t<div class=\"elementor-container elementor-column-gap-default\">\n\t\t\t\t\t<div class=\"elementor-column elementor-col-100 elementor-top-column elementor-element elementor-element-90f70e3\" data-id=\"90f70e3\" data-element_type=\"column\" data-e-type=\"column\">\n\t\t\t<div class=\"elementor-widget-wrap elementor-element-populated\">\n\t\t\t\t\t\t<section class=\"elementor-section elementor-inner-section elementor-element elementor-element-86a1c29 elementor-section-boxed elementor-section-height-default elementor-section-height-default\" data-id=\"86a1c29\" data-element_type=\"section\" data-e-type=\"section\">\n\t\t\t\t\t\t<div class=\"elementor-container elementor-column-gap-default\">\n\t\t\t\t\t<div class=\"elementor-column elementor-col-50 elementor-inner-column elementor-element elementor-element-04c05fe\" data-id=\"04c05fe\" data-element_type=\"column\" data-e-type=\"column\">\n\t\t\t<div class=\"elementor-widget-wrap\">\n\t\t\t\t\t\t\t<\/div>\n\t\t<\/div>\n\t\t\t\t<div class=\"elementor-column elementor-col-50 elementor-inner-column elementor-element elementor-element-46e69c5\" data-id=\"46e69c5\" data-element_type=\"column\" data-e-type=\"column\">\n\t\t\t<div class=\"elementor-widget-wrap\">\n\t\t\t\t\t\t\t<\/div>\n\t\t<\/div>\n\t\t\t\t\t<\/div>\n\t\t<\/section>\n\t\t\t\t\t<\/div>\n\t\t<\/div>\n\t\t\t\t\t<\/div>\n\t\t<\/section>\n\t\t\t\t<section class=\"elementor-section elementor-top-section elementor-element elementor-element-3ebc5d33 elementor-section-boxed elementor-section-height-default elementor-section-height-default\" data-id=\"3ebc5d33\" data-element_type=\"section\" data-e-type=\"section\">\n\t\t\t\t\t\t<div class=\"elementor-container elementor-column-gap-default\">\n\t\t\t\t\t<div class=\"elementor-column elementor-col-100 elementor-top-column elementor-element elementor-element-45178667\" data-id=\"45178667\" data-element_type=\"column\" data-e-type=\"column\">\n\t\t\t<div class=\"elementor-widget-wrap elementor-element-populated\">\n\t\t\t\t\t\t<section class=\"elementor-section elementor-inner-section elementor-element elementor-element-a132544 elementor-section-boxed elementor-section-height-default elementor-section-height-default\" data-id=\"a132544\" data-element_type=\"section\" data-e-type=\"section\">\n\t\t\t\t\t\t<div class=\"elementor-container elementor-column-gap-default\">\n\t\t\t\t\t<div class=\"elementor-column elementor-col-50 elementor-inner-column elementor-element elementor-element-fdef206\" data-id=\"fdef206\" data-element_type=\"column\" data-e-type=\"column\">\n\t\t\t<div class=\"elementor-widget-wrap elementor-element-populated\">\n\t\t\t\t\t\t<div class=\"elementor-element elementor-element-2d6152f elementor-widget elementor-widget-heading\" data-id=\"2d6152f\" data-element_type=\"widget\" data-e-type=\"widget\" data-widget_type=\"heading.default\">\n\t\t\t\t<div class=\"elementor-widget-container\">\n\t\t\t\t\t<h2 class=\"elementor-heading-title elementor-size-default\">EINE INTERNATIONALE VORTRAGSREIHE<\/h2>\t\t\t\t<\/div>\n\t\t\t\t<\/div>\n\t\t\t\t<div class=\"elementor-element elementor-element-9a87e1c elementor-widget elementor-widget-text-editor\" data-id=\"9a87e1c\" data-element_type=\"widget\" data-e-type=\"widget\" data-settings=\"{&quot;_animation&quot;:&quot;none&quot;}\" data-widget_type=\"text-editor.default\">\n\t\t\t\t<div class=\"elementor-widget-container\">\n\t\t\t\t\t\t\t\t\t<p>Die zehnteilige virtuelle Veranstaltungsreihe \u201eScience Journalism in the Digital Age II\u201c (SciCon 2.0) fokussierte sich auf Themenfelder, die f\u00fcr die digitale Transformation des Journalismus relevant sind, und thematisierte, welche praxiswirksamen Ideen f\u00fcr Deutschland entwickelt und umgesetzt werden konnten. Organisiert wurde die Reihe von der Wissenschaftspressekonferenz (WPK) und dem Science Media Center Germany (SMC).<\/p><p>Ausgehend von einer gr\u00fcndlichen Analyse von Best-Practice-Beispielen und international identifizierbaren l\u00f6sungsorientierten Ans\u00e4tzen beleuchtete die Lecture-Reihe,<\/p><ul><li>unter welchen Voraussetzungen staatliche und zivilgesellschaftliche Akteure eine aktiv gestaltende Rolle bei der Medien- und Transformationsf\u00f6rderung in Deutschland einnehmen k\u00f6nnten (Rahmenbedingungen f\u00fcr eine unabh\u00e4ngige Journalismusf\u00f6rderung),<\/li><li>inwiefern dem in Deutschland stark entwickelten \u00f6ffentlich-rechtlichen Rundfunk eine besondere Verantwortung zukommt, f\u00fcr wissenschaftsjournalistische Qualit\u00e4tsangebote und deren Voraussetzungen zu sorgen (Rolle der \u00f6ffentlich-rechtlichen Mediensysteme f\u00fcr einen zukunftsf\u00e4higen Wissenschaftsjournalismus),<\/li><li>welche Potenziale in marktf\u00f6rmig oder anderweitig tragf\u00e4higen Monetarisierungsoptionen dem Journalismus im einem digital revolutionierten und pluralisierten Medienumfeld offenstehen (z.B. neue Gesch\u00e4fts- und Bezahlmodelle im Journalismus, Rolle des Community-Buildings f\u00fcr die Schaffung neuer Medienangebote, gemeinn\u00fctzige Journalismuskonzepte) und welche Rolle hier neuartige Innovationen spielen k\u00f6nnen.<\/li><\/ul><p><br \/>Die Veranstaltungsreihe fand ihren Abschluss in einer internationalen Fachkonferenz im November 2023 in Berlin, die zusammen mit den Erkenntnissen aus den beiden Online-Veranstaltungsreihen Empfehlungen f\u00fcr ein Policy Paper formulieren wird.<\/p>\t\t\t\t\t\t\t\t<\/div>\n\t\t\t\t<\/div>\n\t\t\t\t<div class=\"elementor-element elementor-element-dd19659 elementor-widget elementor-widget-heading\" data-id=\"dd19659\" data-element_type=\"widget\" data-e-type=\"widget\" data-widget_type=\"heading.default\">\n\t\t\t\t<div class=\"elementor-widget-container\">\n\t\t\t\t\t<h2 class=\"elementor-heading-title elementor-size-default\">SCICON ABSCHLUSSKONFERENZ BERLIN 9.\u201310. NOVEMBER 2023 <\/h2>\t\t\t\t<\/div>\n\t\t\t\t<\/div>\n\t\t\t\t<div class=\"elementor-element elementor-element-b01fac1 elementor-widget elementor-widget-text-editor\" data-id=\"b01fac1\" data-element_type=\"widget\" data-e-type=\"widget\" data-settings=\"{&quot;_animation&quot;:&quot;none&quot;}\" data-widget_type=\"text-editor.default\">\n\t\t\t\t<div class=\"elementor-widget-container\">\n\t\t\t\t\t\t\t\t\t<p>Unsere virtuelle Vortragsreihe, die wir im Jahr 2020 ins Leben gerufen haben, hatte zum Ziel, die Zukunft des Journalismus aus einer internationalen Perspektive zu diskutieren. Wir haben daf\u00fcr f\u00fchrende Expert*innen und Praktiker*innen aus der ganzen Welt eingeladen, um ihr Wissen \u00fcber den digitalen Strukturwandel im Journalismus und tragf\u00e4hige L\u00f6sungsans\u00e4tze zu teilen. Auf der SciCon-Abschlussveranstaltung am 9.\u201310. November 2023 in Berlin kamen um die 70 renommierte internationale Teilnehmende zusammen, um Ideen daf\u00fcr zu sammeln, wie dieser internationale Erfahrungsschatz zur Zukunftssicherung und F\u00f6rderung des Journalismus genutzt werden kann.<\/p><p>Wir haben uns sehr gefreut, so viele Expert*innen aus Wissenschaft, Journalismus, Zivilgesellschaft, Wirtschaft und Politik begr\u00fc\u00dfen zu d\u00fcrfen, die eine gro\u00dfe Bereitschaft gezeigt haben, auf Basis der Erkenntnisse und Best-Practice-Beispiele aus der SciCon-Veranstaltungsreihe konkrete Handlungsschritte f\u00fcr Deutschland zu er\u00f6rtern.<\/p>\t\t\t\t\t\t\t\t<\/div>\n\t\t\t\t<\/div>\n\t\t\t\t<div class=\"elementor-element elementor-element-5ef7276 elementor-widget elementor-widget-heading\" data-id=\"5ef7276\" data-element_type=\"widget\" data-e-type=\"widget\" data-widget_type=\"heading.default\">\n\t\t\t\t<div class=\"elementor-widget-container\">\n\t\t\t\t\t<h2 class=\"elementor-heading-title elementor-size-default\">HINTERGRUND<\/h2>\t\t\t\t<\/div>\n\t\t\t\t<\/div>\n\t\t\t\t<div class=\"elementor-element elementor-element-d192918 elementor-widget elementor-widget-text-editor\" data-id=\"d192918\" data-element_type=\"widget\" data-e-type=\"widget\" data-widget_type=\"text-editor.default\">\n\t\t\t\t<div class=\"elementor-widget-container\">\n\t\t\t\t\t\t\t\t\t<p>Von Oktober 2020 bis April 2021 haben der Verband der Wissenschaftsjournalisten in Deutschland (WPK) und die Akademie der Technikwissenschaften acatech die Online-Vortragsreihe \u201eScience Journalism in the Digital Age I\u201c (SciCon 1.0) organisiert.<\/p><p>In 16 virtuellen Vortr\u00e4gen haben internationale Medienexpert*innen m\u00f6gliche Zukunftsoptionen f\u00fcr Qualit\u00e4tsjournalismus beleuchtet \u2013 u .a. Esther Alonso (elDiario), Deborah Blum (MIT Knight Science Journalism Program), Dame Frances Cairncross (UCLA), Julia Cag\u00e9 (Sciences Po Paris), Jonathan Heawood (IMPRESS), Donatien Huet (Mediapart), Martin J\u00f6nsson (Dagens Nyheter), Amanda D. Lotz (Queensland University), Nadja Oertelt (Massive Science), Victor Pickard (Annenberg School for Communication), Aron Pilhofer (Temple University), Tom Rosenstiel (American Press Institute) &amp; Anya Schiffrin (Columbia University).<\/p><p>Ausgangspunkt war es auszuloten, mit welchen Strategien die Wissenschaftskommunikation auf die tiefgreifenden strukturellen \u00c4nderungen im Mediensystem reagieren kann und was daraus f\u00fcr den Wissenschaftsjournalismus der Zukunft abgeleitet werden k\u00f6nnte. Unser Ziel war es, das Wissen, die Erfahrungen und Best-Practice-Beispiele von Experten aus aller Welt zu sammeln, um daraus Empfehlungen f\u00fcr die zuk\u00fcnftige Ausrichtung des Wissenschaftsjournalismus in Deutschland zu extrahieren: Welches Selbstversta\u0308ndnis kann die Richtschnur fu\u0308r Qualita\u0308tsjournalismus im digitalen Zeitalter sein? Welche Ansa\u0308tze, Partnerschaften, Gescha\u0308ftsmodelle sind zukunftsf\u00e4hig? Wie k\u00f6nnen Staat, Stiftungen und privatwirtschaftliche Akteure diesen Transformationsprozess mitgestalten? Und wie k\u00f6nnen wir \u00f6ffentliche R\u00e4ume f\u00fcr evidenzbasierte Debatten erhalten?<\/p><p>Alle Vortr\u00e4ge wurden live gestreamt, mitgeschnitten, transkribiert und auf der SciCon-Webseite dokumentiert. Auf diese Weise ist ein <a href=\"https:\/\/science-journalism.eu\/eu-scicon-2020\/wissensspeicher\/\" target=\"_blank\" rel=\"noopener\">Wissensspeicher<\/a> rund um die zentralen Herausforderungen entstanden, denen sich der Wissenschaftsjournalismus der Zukunft stellen muss.<\/p><p>Die <a href=\"https:\/\/cloud-congressa.de\/s\/fgJnC2Ekwp5xQ4T\" target=\"_blank\" rel=\"noopener\"><u>SciCon-Dokumentation<\/u><\/a> fasst die komplette Vortragsreihe mit allen Analysen, Erfahrungen, Ideen und Empfehlungen von Forschenden, Journalist:innen, Existenzgr\u00fcnder:innen und Medienexpert:innen aus Australien, Kanada, den USA wie auch verschiedenen europ\u00e4ischen L\u00e4ndern zusammen.<\/p>\t\t\t\t\t\t\t\t<\/div>\n\t\t\t\t<\/div>\n\t\t\t\t<div class=\"elementor-element elementor-element-23b00a2 elementor-widget elementor-widget-button\" data-id=\"23b00a2\" data-element_type=\"widget\" data-e-type=\"widget\" data-widget_type=\"button.default\">\n\t\t\t\t<div class=\"elementor-widget-container\">\n\t\t\t\t\t\t\t\t\t<div class=\"elementor-button-wrapper\">\n\t\t\t\t\t<a class=\"elementor-button elementor-button-link elementor-size-sm\" href=\"https:\/\/science-journalism.eu\/eu-scicon-2020\/programm\/\">\n\t\t\t\t\t\t<span class=\"elementor-button-content-wrapper\">\n\t\t\t\t\t\t\t\t\t<span class=\"elementor-button-text\">Mehr<\/span>\n\t\t\t\t\t<\/span>\n\t\t\t\t\t<\/a>\n\t\t\t\t<\/div>\n\t\t\t\t\t\t\t\t<\/div>\n\t\t\t\t<\/div>\n\t\t\t\t<div class=\"elementor-element elementor-element-c57643e elementor-widget elementor-widget-heading\" data-id=\"c57643e\" data-element_type=\"widget\" data-e-type=\"widget\" data-widget_type=\"heading.default\">\n\t\t\t\t<div class=\"elementor-widget-container\">\n\t\t\t\t\t<h2 class=\"elementor-heading-title elementor-size-default\">BLEIBEN SIE INFORMIERT<\/h2>\t\t\t\t<\/div>\n\t\t\t\t<\/div>\n\t\t\t\t<div class=\"elementor-element elementor-element-ffdbb51 elementor-widget elementor-widget-text-editor\" data-id=\"ffdbb51\" data-element_type=\"widget\" data-e-type=\"widget\" data-widget_type=\"text-editor.default\">\n\t\t\t\t<div class=\"elementor-widget-container\">\n\t\t\t\t\t\t\t\t\tSie m\u00f6chten regelm\u00e4\u00dfige Informationen zur Konferenz erhalten? Registrieren Sie sich hier f\u00fcr unseren Newsletter.\t\t\t\t\t\t\t\t<\/div>\n\t\t\t\t<\/div>\n\t\t\t\t<div class=\"elementor-element elementor-element-44d7bd8 elementor-widget elementor-widget-shortcode\" data-id=\"44d7bd8\" data-element_type=\"widget\" data-e-type=\"widget\" data-widget_type=\"shortcode.default\">\n\t\t\t\t<div class=\"elementor-widget-container\">\n\t\t\t\t\t\t\t<div class=\"elementor-shortcode\"><script id=\"n2g_script\">!function(e,t,n,c,r,a,i){e.Newsletter2GoTrackingObject=r,e[r]=e[r]||function(){(e[r].q=e[r].q||[]).push(arguments)},e[r].l=1*new Date,a=t.createElement(n),i=t.getElementsByTagName(n)[0],a.async=1,a.src=c,i.parentNode.insertBefore(a,i)}(window,document,\"script\",\"https:\/\/static.newsletter2go.com\/utils.js\",\"n2g\");var config = {\"container\": {\"type\": \"div\",\"class\": \"\",\"style\": \"\"},\"row\": {\"type\": \"div\",\"class\": \"\",\"style\": \"margin-top: 15px;\"},\"columnLeft\": {\"type\": \"div\",\"class\": \"\",\"style\": \"\"},\"columnRight\": {\"type\": \"div\",\"class\": \"\",\"style\": \"\"},\"label\": {\"type\": \"label\",\"class\": \"\",\"style\": \"\"}};n2g('create', 't3uk3upv-96nznnqb-19sf');n2g('subscribe:createForm', config);<\/script><\/div>\n\t\t\t\t\t\t<\/div>\n\t\t\t\t<\/div>\n\t\t\t\t\t<\/div>\n\t\t<\/div>\n\t\t\t\t<div class=\"elementor-column elementor-col-50 elementor-inner-column elementor-element elementor-element-c067794\" data-id=\"c067794\" data-element_type=\"column\" data-e-type=\"column\">\n\t\t\t<div class=\"elementor-widget-wrap elementor-element-populated\">\n\t\t\t\t\t\t<div class=\"elementor-element elementor-element-83ba09e elementor-widget elementor-widget-wp-widget-nav_menu\" data-id=\"83ba09e\" data-element_type=\"widget\" data-e-type=\"widget\" data-widget_type=\"wp-widget-nav_menu.default\">\n\t\t\t\t<div class=\"elementor-widget-container\">\n\t\t\t\t\t<nav class=\"menu-sidebar-container\" aria-label=\"Men\u00fc\"><ul id=\"menu-sidebar\" class=\"menu\"><li id=\"menu-item-488\" class=\"menu-item menu-item-type-post_type menu-item-object-page menu-item-home menu-item-488\"><a href=\"https:\/\/science-journalism.eu\/eu-scicon-2020\/\">Startseite<\/a><\/li>\n<li id=\"menu-item-1488\" class=\"menu-item menu-item-type-post_type menu-item-object-page menu-item-1488\"><a href=\"https:\/\/science-journalism.eu\/eu-scicon-2020\/programm\/\">Programm<\/a><\/li>\n<li id=\"menu-item-1864\" class=\"menu-item menu-item-type-post_type menu-item-object-page menu-item-1864\"><a href=\"https:\/\/science-journalism.eu\/eu-scicon-2020\/konferenz\/\">Konferenz<\/a><\/li>\n<li id=\"menu-item-1487\" class=\"menu-item menu-item-type-post_type menu-item-object-page menu-item-1487\"><a href=\"https:\/\/science-journalism.eu\/eu-scicon-2020\/wissensspeicher\/\">Wissensspeicher<\/a><\/li>\n<li id=\"menu-item-491\" class=\"menu-item menu-item-type-post_type menu-item-object-page menu-item-491\"><a href=\"https:\/\/science-journalism.eu\/eu-scicon-2020\/kontakt\/\">Kontakt<\/a><\/li>\n<\/ul><\/nav>\t\t\t\t<\/div>\n\t\t\t\t<\/div>\n\t\t\t\t\t<\/div>\n\t\t<\/div>\n\t\t\t\t\t<\/div>\n\t\t<\/section>\n\t\t\t\t\t<\/div>\n\t\t<\/div>\n\t\t\t\t\t<\/div>\n\t\t<\/section>\n\t\t\t\t<\/div>\n\t\t","protected":false},"excerpt":{"rendered":"<p>EINE INTERNATIONALE VORTRAGSREIHE Die zehnteilige virtuelle Veranstaltungsreihe \u201eScience Journalism in the Digital Age II\u201c (SciCon 2.0) fokussierte sich auf Themenfelder, die f\u00fcr die digitale Transformation des Journalismus relevant sind, und thematisierte, welche praxiswirksamen Ideen f\u00fcr Deutschland entwickelt und umgesetzt werden konnten. Organisiert wurde die Reihe von der Wissenschaftspressekonferenz (WPK) und dem Science Media Center Germany [&hellip;]<\/p>\n","protected":false},"author":1,"featured_media":0,"parent":0,"menu_order":0,"comment_status":"closed","ping_status":"open","template":"","meta":{"footnotes":""},"class_list":["post-2","page","type-page","status-publish","hentry"],"_links":{"self":[{"href":"https:\/\/science-journalism.eu\/eu-scicon-2020\/wp-json\/wp\/v2\/pages\/2","targetHints":{"allow":["GET"]}}],"collection":[{"href":"https:\/\/science-journalism.eu\/eu-scicon-2020\/wp-json\/wp\/v2\/pages"}],"about":[{"href":"https:\/\/science-journalism.eu\/eu-scicon-2020\/wp-json\/wp\/v2\/types\/page"}],"author":[{"embeddable":true,"href":"https:\/\/science-journalism.eu\/eu-scicon-2020\/wp-json\/wp\/v2\/users\/1"}],"replies":[{"embeddable":true,"href":"https:\/\/science-journalism.eu\/eu-scicon-2020\/wp-json\/wp\/v2\/comments?post=2"}],"version-history":[{"count":419,"href":"https:\/\/science-journalism.eu\/eu-scicon-2020\/wp-json\/wp\/v2\/pages\/2\/revisions"}],"predecessor-version":[{"id":1888,"href":"https:\/\/science-journalism.eu\/eu-scicon-2020\/wp-json\/wp\/v2\/pages\/2\/revisions\/1888"}],"wp:attachment":[{"href":"https:\/\/science-journalism.eu\/eu-scicon-2020\/wp-json\/wp\/v2\/media?parent=2"}],"curies":[{"name":"wp","href":"https:\/\/api.w.org\/{rel}","templated":true}]}}